{"id":7,"date":"2019-10-27T21:43:03","date_gmt":"2019-10-27T20:43:03","guid":{"rendered":"https:\/\/dronero.info\/news\/?page_id=7"},"modified":"2019-11-11T00:06:39","modified_gmt":"2019-11-10T23:06:39","slug":"editoriale","status":"publish","type":"page","link":"https:\/\/dronero.info\/news\/editoriale\/","title":{"rendered":"Editoriale"},"content":{"rendered":"<p>Cosa accade in un piccolo paese di provincia \u00e8 diverso soltanto nelle proporzioni da quello che succede in una grande citt\u00e0, e quello che succede in uno stato d&#8217;Europa spesso non \u00e8 diverso da ci\u00f2 che si verifica al di l\u00e0 dell&#8217;Oceano.<\/p>\n<p>Ci possono essere differenze a livello locale nel sistema investigativo, legislativo ed anche giudiziario, ma la disonest\u00e0 e la mancanza di scrupoli di chi non esita a mettere in atto piani a suo esclusivo vantaggio, senza curarsi del danno altrui, non ha frontiere e la storia dell\u2019uomo insegna che soltanto \u00e8 stata pi\u00f9 o meno evidente e generalizzata, senza risparmiare nessuna epoca.<\/p>\n<p>Convinti che, come ha detto F\u00ebdor Dostoevskij (scrittore e filosofo russo, 1821-1881), &#8220;La bellezza salver\u00e0 il mondo&#8221;, e considerando che il bene fa meno rumore del male, ci proponiamo di menzionare e raccontare pratiche, eventi e fatti &#8220;virtuosi&#8221;, perch\u00e9 possano ispirare in modo positivo chi legge.<\/p>\n<p>Vorremmo che leggere i contenuti di questo sito fosse interessante e anche utile.<br \/>\nVorremmo che contribuisse a far pensare che si pu\u00f2 tentare di migliorare l&#8217;esistenza umana.<br \/>\nVorremmo. E lavoriamo perch\u00e9 succeda.<\/p>\n<p><small> \u00a9 2019 Dronero.info \u2013 All rights reserved<\/small><\/p>\n","protected":false},"excerpt":{"rendered":"<p>Cosa accade in un piccolo paese di provincia \u00e8 diverso soltanto nelle proporzioni da quello<\/p>\n","protected":false},"author":1,"featured_media":0,"parent":0,"menu_order":0,"comment_status":"closed","ping_status":"closed","template":"","meta":{"footnotes":"","_links_to":"","_links_to_target":""},"class_list":["post-7","page","type-page","status-publish","hentry"],"yoast_head":"<!-- This site is optimized with the Yoast SEO plugin v27.1.1 - https:\/\/yoast.com\/product\/yoast-seo-wordpress\/ -->\n<title>Editoriale - Dronero.info<\/title>\n<meta name=\"robots\" content=\"index, follow, max-snippet:-1, max-image-preview:large, max-video-preview:-1\" \/>\n<link rel=\"canonical\" href=\"https:\/\/dronero.info\/news\/editoriale\/\" \/>\n<meta property=\"og:locale\" content=\"it_IT\" \/>\n<meta property=\"og:type\" content=\"article\" \/>\n<meta property=\"og:title\" content=\"Editoriale - Dronero.info\" \/>\n<meta property=\"og:description\" content=\"Cosa accade in un piccolo paese di provincia \u00e8 diverso soltanto nelle proporzioni da quello\" \/>\n<meta property=\"og:url\" content=\"https:\/\/dronero.info\/news\/editoriale\/\" \/>\n<meta property=\"og:site_name\" content=\"Dronero.info\" \/>\n<meta property=\"article:modified_time\" content=\"2019-11-10T23:06:39+00:00\" \/>\n<meta name=\"twitter:card\" content=\"summary_large_image\" \/>\n<meta name=\"twitter:label1\" content=\"Tempo di lettura stimato\" \/>\n\t<meta name=\"twitter:data1\" content=\"1 minuto\" \/>\n<script type=\"application\/ld+json\" class=\"yoast-schema-graph\">{\"@context\":\"https:\/\/schema.org\",\"@graph\":[{\"@type\":\"WebPage\",\"@id\":\"https:\/\/dronero.info\/news\/editoriale\/\",\"url\":\"https:\/\/dronero.info\/news\/editoriale\/\",\"name\":\"Editoriale - Dronero.info\",\"isPartOf\":{\"@id\":\"https:\/\/dronero.info\/news\/#website\"},\"datePublished\":\"2019-10-27T20:43:03+00:00\",\"dateModified\":\"2019-11-10T23:06:39+00:00\",\"breadcrumb\":{\"@id\":\"https:\/\/dronero.info\/news\/editoriale\/#breadcrumb\"},\"inLanguage\":\"it-IT\",\"potentialAction\":[{\"@type\":\"ReadAction\",\"target\":[\"https:\/\/dronero.info\/news\/editoriale\/\"]}]},{\"@type\":\"BreadcrumbList\",\"@id\":\"https:\/\/dronero.info\/news\/editoriale\/#breadcrumb\",\"itemListElement\":[{\"@type\":\"ListItem\",\"position\":1,\"name\":\"Home\",\"item\":\"https:\/\/dronero.info\/news\/\"},{\"@type\":\"ListItem\",\"position\":2,\"name\":\"Editoriale\"}]},{\"@type\":\"WebSite\",\"@id\":\"https:\/\/dronero.info\/news\/#website\",\"url\":\"https:\/\/dronero.info\/news\/\",\"name\":\"Dronero.info\",\"description\":\"Notizie che meritano diffusione\",\"potentialAction\":[{\"@type\":\"SearchAction\",\"target\":{\"@type\":\"EntryPoint\",\"urlTemplate\":\"https:\/\/dronero.info\/news\/?s={search_term_string}\"},\"query-input\":{\"@type\":\"PropertyValueSpecification\",\"valueRequired\":true,\"valueName\":\"search_term_string\"}}],\"inLanguage\":\"it-IT\"}]}<\/script>\n<!-- \/ Yoast SEO plugin. -->","yoast_head_json":{"title":"Editoriale - Dronero.info","robots":{"index":"index","follow":"follow","max-snippet":"max-snippet:-1","max-image-preview":"max-image-preview:large","max-video-preview":"max-video-preview:-1"},"canonical":"https:\/\/dronero.info\/news\/editoriale\/","og_locale":"it_IT","og_type":"article","og_title":"Editoriale - Dronero.info","og_description":"Cosa accade in un piccolo paese di provincia \u00e8 diverso soltanto nelle proporzioni da quello","og_url":"https:\/\/dronero.info\/news\/editoriale\/","og_site_name":"Dronero.info","article_modified_time":"2019-11-10T23:06:39+00:00","twitter_card":"summary_large_image","twitter_misc":{"Tempo di lettura stimato":"1 minuto"},"schema":{"@context":"https:\/\/schema.org","@graph":[{"@type":"WebPage","@id":"https:\/\/dronero.info\/news\/editoriale\/","url":"https:\/\/dronero.info\/news\/editoriale\/","name":"Editoriale - Dronero.info","isPartOf":{"@id":"https:\/\/dronero.info\/news\/#website"},"datePublished":"2019-10-27T20:43:03+00:00","dateModified":"2019-11-10T23:06:39+00:00","breadcrumb":{"@id":"https:\/\/dronero.info\/news\/editoriale\/#breadcrumb"},"inLanguage":"it-IT","potentialAction":[{"@type":"ReadAction","target":["https:\/\/dronero.info\/news\/editoriale\/"]}]},{"@type":"BreadcrumbList","@id":"https:\/\/dronero.info\/news\/editoriale\/#breadcrumb","itemListElement":[{"@type":"ListItem","position":1,"name":"Home","item":"https:\/\/dronero.info\/news\/"},{"@type":"ListItem","position":2,"name":"Editoriale"}]},{"@type":"WebSite","@id":"https:\/\/dronero.info\/news\/#website","url":"https:\/\/dronero.info\/news\/","name":"Dronero.info","description":"Notizie che meritano diffusione","potentialAction":[{"@type":"SearchAction","target":{"@type":"EntryPoint","urlTemplate":"https:\/\/dronero.info\/news\/?s={search_term_string}"},"query-input":{"@type":"PropertyValueSpecification","valueRequired":true,"valueName":"search_term_string"}}],"inLanguage":"it-IT"}]}},"_links":{"self":[{"href":"https:\/\/dronero.info\/news\/wp-json\/wp\/v2\/pages\/7","targetHints":{"allow":["GET"]}}],"collection":[{"href":"https:\/\/dronero.info\/news\/wp-json\/wp\/v2\/pages"}],"about":[{"href":"https:\/\/dronero.info\/news\/wp-json\/wp\/v2\/types\/page"}],"author":[{"embeddable":true,"href":"https:\/\/dronero.info\/news\/wp-json\/wp\/v2\/users\/1"}],"replies":[{"embeddable":true,"href":"https:\/\/dronero.info\/news\/wp-json\/wp\/v2\/comments?post=7"}],"version-history":[{"count":0,"href":"https:\/\/dronero.info\/news\/wp-json\/wp\/v2\/pages\/7\/revisions"}],"wp:attachment":[{"href":"https:\/\/dronero.info\/news\/wp-json\/wp\/v2\/media?parent=7"}],"curies":[{"name":"wp","href":"https:\/\/api.w.org\/{rel}","templated":true}]}}